{"id":19,"date":"2020-07-01T17:53:09","date_gmt":"2020-07-01T17:53:09","guid":{"rendered":"https:\/\/monas-grafikwelten.de\/?page_id=19"},"modified":"2021-01-02T15:13:20","modified_gmt":"2021-01-02T15:13:20","slug":"pakete-und-preise","status":"publish","type":"page","link":"https:\/\/monas-grafikwelten.de\/index.php\/pakete-und-preise\/","title":{"rendered":"Pakete und Preise"},"content":{"rendered":"\n<div class=\"wp-block-image\"><figure class=\"aligncenter size-large is-resized\"><img loading=\"lazy\" decoding=\"async\" src=\"https:\/\/monas-grafikwelten.de\/wp-content\/uploads\/2020\/07\/cover005-mockup-ebook.jpg\" alt=\"\" class=\"wp-image-42\" width=\"387\" height=\"471\" srcset=\"https:\/\/monas-grafikwelten.de\/wp-content\/uploads\/2020\/07\/cover005-mockup-ebook.jpg 741w, https:\/\/monas-grafikwelten.de\/wp-content\/uploads\/2020\/07\/cover005-mockup-ebook-247x300.jpg 247w\" sizes=\"auto, (max-width: 387px) 100vw, 387px\" \/><\/figure><\/div>\n\n\n\n<h2 class=\"wp-block-heading\">Preise f\u00fcr B\u00fccher:<\/h2>\n\n\n\n<p><strong>Ebook Premade:<\/strong> ab 79\u20ac (+ 49\u20ac f\u00fcr die Printerweiterung)<br>Kleine \u00c4nderungen, sowie Anpassung des Titels inklusive<\/p>\n\n\n\n<p><strong>Auftragscover:<\/strong> ab 150\u20ac f\u00fcr Ebook*<br>        + 49\u20ac f\u00fcr die Printerweiterung<br>        + 1 Belegexemplar f\u00fcr mich<\/p>\n\n\n\n<p><strong>Autorenpaket:<\/strong> ab 230\u20ac*<br>darin enthalten:<\/p>\n\n\n\n<ul class=\"wp-block-list\"><li>Ebookcover<\/li><li>Printcover<\/li><li>Grafiken f\u00fcr Lesezeichen, Postkarte<br>Sozial Media Banner in 2 Gr\u00f6\u00dfen<br>Cover Mockup deines Buches<\/li><li>1 Belegexemplar f\u00fcr mich<\/li><\/ul>\n\n\n\n<p><\/p>\n\n\n\n<p><\/p>\n\n\n\n<div class=\"wp-block-image\"><figure class=\"aligncenter size-large is-resized\"><img loading=\"lazy\" decoding=\"async\" src=\"https:\/\/monas-grafikwelten.de\/wp-content\/uploads\/2020\/07\/cover005-mockup-598x1024.jpg\" alt=\"\" class=\"wp-image-43\" width=\"265\" height=\"453\" srcset=\"https:\/\/monas-grafikwelten.de\/wp-content\/uploads\/2020\/07\/cover005-mockup-598x1024.jpg 598w, https:\/\/monas-grafikwelten.de\/wp-content\/uploads\/2020\/07\/cover005-mockup-175x300.jpg 175w, https:\/\/monas-grafikwelten.de\/wp-content\/uploads\/2020\/07\/cover005-mockup.jpg 753w\" sizes=\"auto, (max-width: 265px) 100vw, 265px\" \/><\/figure><\/div>\n\n\n\n<h2 class=\"wp-block-heading\">Werbemittel<\/h2>\n\n\n\n<ul class=\"wp-block-list\"><li>Grafiken f\u00fcr Lesezeichen, Postkarten und Tassen je 15\u20ac*<\/li><li>Visitenkarten, Schnipselvorlagen je 10\u20ac*<\/li><li>Banner f\u00fcr Social Media in 2 Gr\u00f6\u00dfen 15\u20ac*<\/li><li>Mockup in 2 verschiedenen Ausf\u00fchrungen (Print, Handy, Tablet m\u00f6glich) 15\u20ac*<\/li><\/ul>\n\n\n\n<h2 class=\"wp-block-heading\">Bloggrafiken<\/h2>\n\n\n\n<p>Du brauchst eine neue Grafik f\u00fcr deinen Blog oder deinen Social Media Kanal?<\/p>\n\n\n\n<ul class=\"wp-block-list\"><li>individuelles Titelbild\/Banner ab 30\u20ac*<\/li><\/ul>\n\n\n\n<p><\/p>\n\n\n\n<p class=\"has-small-font-size\">*Die Preise sind Richtwerte und k\u00f6nnen je nach Arbeitsaufwand variieren. Dies w\u00fcrde ich dir aber rechtzeitig mitteilen.<\/p>\n\n\n\n<p class=\"has-small-font-size\">Deb\u00fctautoren und Selfpublisher mit kleinem Geldbeutel kann ich  bestimmt entgegenkommen. Schreibe mir eine Email mit Deinen W\u00fcnschen und ich mache Dir ein faires Angebot.<\/p>\n\n\n\n<p><\/p>\n","protected":false},"excerpt":{"rendered":"<p>Preise f\u00fcr B\u00fccher: Ebook Premade: ab 79\u20ac (+ 49\u20ac f\u00fcr die Printerweiterung)Kleine \u00c4nderungen, sowie Anpassung des Titels inklusive Auftragscover: ab 150\u20ac f\u00fcr Ebook* + 49\u20ac f\u00fcr die Printerweiterung + 1 Belegexemplar f\u00fcr mich Autorenpaket: ab 230\u20ac*darin enthalten: Ebookcover Printcover Grafiken f\u00fcr Lesezeichen, PostkarteSozial Media Banner in 2 Gr\u00f6\u00dfenCover Mockup deines Buches 1 Belegexemplar f\u00fcr mich Werbemittel Grafiken f\u00fcr Lesezeichen, Postkarten und Tassen je 15\u20ac* Visitenkarten, Schnipselvorlagen je 10\u20ac* Banner f\u00fcr Social Media in 2 Gr\u00f6\u00dfen 15\u20ac* Mockup in 2 verschiedenen Ausf\u00fchrungen (Print, Handy, Tablet m\u00f6glich) 15\u20ac* Bloggrafiken Du brauchst eine neue Grafik f\u00fcr deinen Blog oder deinen Social Media Kanal? individuelles Titelbild\/Banner ab 30\u20ac* *Die Preise sind Richtwerte und k\u00f6nnen je nach Arbeitsaufwand variieren. Dies w\u00fcrde ich dir aber rechtzeitig mitteilen. Deb\u00fctautoren und Selfpublisher mit kleinem Geldbeutel kann ich bestimmt entgegenkommen. Schreibe mir eine Email mit Deinen W\u00fcnschen und ich mache Dir ein faires Angebot.<\/p>\n","protected":false},"author":1,"featured_media":0,"parent":0,"menu_order":0,"comment_status":"closed","ping_status":"closed","template":"","meta":{"two_page_speed":[],"footnotes":"","_links_to":"","_links_to_target":""},"class_list":["post-19","page","type-page","status-publish","hentry"],"yoast_head":"<!-- This site is optimized with the Yoast SEO plugin v27.5 - https:\/\/yoast.com\/product\/yoast-seo-wordpress\/ -->\n<title>Pakete und Preise - Monas Grafikwelten<\/title>\n<meta name=\"robots\" content=\"index, follow, max-snippet:-1, max-image-preview:large, max-video-preview:-1\" \/>\n<link rel=\"canonical\" href=\"https:\/\/monas-grafikwelten.de\/index.php\/pakete-und-preise\/\" \/>\n<meta property=\"og:locale\" content=\"de_DE\" \/>\n<meta property=\"og:type\" content=\"article\" \/>\n<meta property=\"og:title\" content=\"Pakete und Preise - Monas Grafikwelten\" \/>\n<meta property=\"og:description\" content=\"Preise f\u00fcr B\u00fccher: Ebook Premade: ab 79\u20ac (+ 49\u20ac f\u00fcr die Printerweiterung)Kleine \u00c4nderungen, sowie Anpassung des Titels inklusive Auftragscover: ab 150\u20ac f\u00fcr Ebook* + 49\u20ac f\u00fcr die Printerweiterung + 1 Belegexemplar f\u00fcr mich Autorenpaket: ab 230\u20ac*darin enthalten: Ebookcover Printcover Grafiken f\u00fcr Lesezeichen, PostkarteSozial Media Banner in 2 Gr\u00f6\u00dfenCover Mockup deines Buches 1 Belegexemplar f\u00fcr mich Werbemittel Grafiken f\u00fcr Lesezeichen, Postkarten und Tassen je 15\u20ac* Visitenkarten, Schnipselvorlagen je 10\u20ac* Banner f\u00fcr Social Media in 2 Gr\u00f6\u00dfen 15\u20ac* Mockup in 2 verschiedenen Ausf\u00fchrungen (Print, Handy, Tablet m\u00f6glich) 15\u20ac* Bloggrafiken Du brauchst eine neue Grafik f\u00fcr deinen Blog oder deinen Social Media Kanal? individuelles Titelbild\/Banner ab 30\u20ac* *Die Preise sind Richtwerte und k\u00f6nnen je nach Arbeitsaufwand variieren. Dies w\u00fcrde ich dir aber rechtzeitig mitteilen. Deb\u00fctautoren und Selfpublisher mit kleinem Geldbeutel kann ich bestimmt entgegenkommen. Schreibe mir eine Email mit Deinen W\u00fcnschen und ich mache Dir ein faires Angebot.\" \/>\n<meta property=\"og:url\" content=\"https:\/\/monas-grafikwelten.de\/index.php\/pakete-und-preise\/\" \/>\n<meta property=\"og:site_name\" content=\"Monas Grafikwelten\" \/>\n<meta property=\"article:modified_time\" content=\"2021-01-02T15:13:20+00:00\" \/>\n<meta property=\"og:image\" content=\"https:\/\/monas-grafikwelten.de\/wp-content\/uploads\/2020\/07\/cover005-mockup-ebook.jpg\" \/>\n<meta name=\"twitter:card\" content=\"summary_large_image\" \/>\n<meta name=\"twitter:label1\" content=\"Gesch\u00e4tzte Lesezeit\" \/>\n\t<meta name=\"twitter:data1\" content=\"1\u00a0Minute\" \/>\n<script type=\"application\/ld+json\" class=\"yoast-schema-graph\">{\"@context\":\"https:\\\/\\\/schema.org\",\"@graph\":[{\"@type\":\"WebPage\",\"@id\":\"https:\\\/\\\/monas-grafikwelten.de\\\/index.php\\\/pakete-und-preise\\\/\",\"url\":\"https:\\\/\\\/monas-grafikwelten.de\\\/index.php\\\/pakete-und-preise\\\/\",\"name\":\"Pakete und Preise - Monas Grafikwelten\",\"isPartOf\":{\"@id\":\"https:\\\/\\\/monas-grafikwelten.de\\\/#website\"},\"primaryImageOfPage\":{\"@id\":\"https:\\\/\\\/monas-grafikwelten.de\\\/index.php\\\/pakete-und-preise\\\/#primaryimage\"},\"image\":{\"@id\":\"https:\\\/\\\/monas-grafikwelten.de\\\/index.php\\\/pakete-und-preise\\\/#primaryimage\"},\"thumbnailUrl\":\"https:\\\/\\\/monas-grafikwelten.de\\\/wp-content\\\/uploads\\\/2020\\\/07\\\/cover005-mockup-ebook.jpg\",\"datePublished\":\"2020-07-01T17:53:09+00:00\",\"dateModified\":\"2021-01-02T15:13:20+00:00\",\"breadcrumb\":{\"@id\":\"https:\\\/\\\/monas-grafikwelten.de\\\/index.php\\\/pakete-und-preise\\\/#breadcrumb\"},\"inLanguage\":\"de\",\"potentialAction\":[{\"@type\":\"ReadAction\",\"target\":[\"https:\\\/\\\/monas-grafikwelten.de\\\/index.php\\\/pakete-und-preise\\\/\"]}]},{\"@type\":\"ImageObject\",\"inLanguage\":\"de\",\"@id\":\"https:\\\/\\\/monas-grafikwelten.de\\\/index.php\\\/pakete-und-preise\\\/#primaryimage\",\"url\":\"https:\\\/\\\/monas-grafikwelten.de\\\/wp-content\\\/uploads\\\/2020\\\/07\\\/cover005-mockup-ebook.jpg\",\"contentUrl\":\"https:\\\/\\\/monas-grafikwelten.de\\\/wp-content\\\/uploads\\\/2020\\\/07\\\/cover005-mockup-ebook.jpg\",\"width\":741,\"height\":901},{\"@type\":\"BreadcrumbList\",\"@id\":\"https:\\\/\\\/monas-grafikwelten.de\\\/index.php\\\/pakete-und-preise\\\/#breadcrumb\",\"itemListElement\":[{\"@type\":\"ListItem\",\"position\":1,\"name\":\"Home\",\"item\":\"https:\\\/\\\/monas-grafikwelten.de\\\/\"},{\"@type\":\"ListItem\",\"position\":2,\"name\":\"Pakete und Preise\"}]},{\"@type\":\"WebSite\",\"@id\":\"https:\\\/\\\/monas-grafikwelten.de\\\/#website\",\"url\":\"https:\\\/\\\/monas-grafikwelten.de\\\/\",\"name\":\"Monas Grafikwelten\",\"description\":\"Coverdesign und mehr\",\"potentialAction\":[{\"@type\":\"SearchAction\",\"target\":{\"@type\":\"EntryPoint\",\"urlTemplate\":\"https:\\\/\\\/monas-grafikwelten.de\\\/?s={search_term_string}\"},\"query-input\":{\"@type\":\"PropertyValueSpecification\",\"valueRequired\":true,\"valueName\":\"search_term_string\"}}],\"inLanguage\":\"de\"}]}<\/script>\n<!-- \/ Yoast SEO plugin. -->","yoast_head_json":{"title":"Pakete und Preise - Monas Grafikwelten","robots":{"index":"index","follow":"follow","max-snippet":"max-snippet:-1","max-image-preview":"max-image-preview:large","max-video-preview":"max-video-preview:-1"},"canonical":"https:\/\/monas-grafikwelten.de\/index.php\/pakete-und-preise\/","og_locale":"de_DE","og_type":"article","og_title":"Pakete und Preise - Monas Grafikwelten","og_description":"Preise f\u00fcr B\u00fccher: Ebook Premade: ab 79\u20ac (+ 49\u20ac f\u00fcr die Printerweiterung)Kleine \u00c4nderungen, sowie Anpassung des Titels inklusive Auftragscover: ab 150\u20ac f\u00fcr Ebook* + 49\u20ac f\u00fcr die Printerweiterung + 1 Belegexemplar f\u00fcr mich Autorenpaket: ab 230\u20ac*darin enthalten: Ebookcover Printcover Grafiken f\u00fcr Lesezeichen, PostkarteSozial Media Banner in 2 Gr\u00f6\u00dfenCover Mockup deines Buches 1 Belegexemplar f\u00fcr mich Werbemittel Grafiken f\u00fcr Lesezeichen, Postkarten und Tassen je 15\u20ac* Visitenkarten, Schnipselvorlagen je 10\u20ac* Banner f\u00fcr Social Media in 2 Gr\u00f6\u00dfen 15\u20ac* Mockup in 2 verschiedenen Ausf\u00fchrungen (Print, Handy, Tablet m\u00f6glich) 15\u20ac* Bloggrafiken Du brauchst eine neue Grafik f\u00fcr deinen Blog oder deinen Social Media Kanal? individuelles Titelbild\/Banner ab 30\u20ac* *Die Preise sind Richtwerte und k\u00f6nnen je nach Arbeitsaufwand variieren. Dies w\u00fcrde ich dir aber rechtzeitig mitteilen. Deb\u00fctautoren und Selfpublisher mit kleinem Geldbeutel kann ich bestimmt entgegenkommen. Schreibe mir eine Email mit Deinen W\u00fcnschen und ich mache Dir ein faires Angebot.","og_url":"https:\/\/monas-grafikwelten.de\/index.php\/pakete-und-preise\/","og_site_name":"Monas Grafikwelten","article_modified_time":"2021-01-02T15:13:20+00:00","og_image":[{"url":"https:\/\/monas-grafikwelten.de\/wp-content\/uploads\/2020\/07\/cover005-mockup-ebook.jpg","type":"","width":"","height":""}],"twitter_card":"summary_large_image","twitter_misc":{"Gesch\u00e4tzte Lesezeit":"1\u00a0Minute"},"schema":{"@context":"https:\/\/schema.org","@graph":[{"@type":"WebPage","@id":"https:\/\/monas-grafikwelten.de\/index.php\/pakete-und-preise\/","url":"https:\/\/monas-grafikwelten.de\/index.php\/pakete-und-preise\/","name":"Pakete und Preise - Monas Grafikwelten","isPartOf":{"@id":"https:\/\/monas-grafikwelten.de\/#website"},"primaryImageOfPage":{"@id":"https:\/\/monas-grafikwelten.de\/index.php\/pakete-und-preise\/#primaryimage"},"image":{"@id":"https:\/\/monas-grafikwelten.de\/index.php\/pakete-und-preise\/#primaryimage"},"thumbnailUrl":"https:\/\/monas-grafikwelten.de\/wp-content\/uploads\/2020\/07\/cover005-mockup-ebook.jpg","datePublished":"2020-07-01T17:53:09+00:00","dateModified":"2021-01-02T15:13:20+00:00","breadcrumb":{"@id":"https:\/\/monas-grafikwelten.de\/index.php\/pakete-und-preise\/#breadcrumb"},"inLanguage":"de","potentialAction":[{"@type":"ReadAction","target":["https:\/\/monas-grafikwelten.de\/index.php\/pakete-und-preise\/"]}]},{"@type":"ImageObject","inLanguage":"de","@id":"https:\/\/monas-grafikwelten.de\/index.php\/pakete-und-preise\/#primaryimage","url":"https:\/\/monas-grafikwelten.de\/wp-content\/uploads\/2020\/07\/cover005-mockup-ebook.jpg","contentUrl":"https:\/\/monas-grafikwelten.de\/wp-content\/uploads\/2020\/07\/cover005-mockup-ebook.jpg","width":741,"height":901},{"@type":"BreadcrumbList","@id":"https:\/\/monas-grafikwelten.de\/index.php\/pakete-und-preise\/#breadcrumb","itemListElement":[{"@type":"ListItem","position":1,"name":"Home","item":"https:\/\/monas-grafikwelten.de\/"},{"@type":"ListItem","position":2,"name":"Pakete und Preise"}]},{"@type":"WebSite","@id":"https:\/\/monas-grafikwelten.de\/#website","url":"https:\/\/monas-grafikwelten.de\/","name":"Monas Grafikwelten","description":"Coverdesign und mehr","potentialAction":[{"@type":"SearchAction","target":{"@type":"EntryPoint","urlTemplate":"https:\/\/monas-grafikwelten.de\/?s={search_term_string}"},"query-input":{"@type":"PropertyValueSpecification","valueRequired":true,"valueName":"search_term_string"}}],"inLanguage":"de"}]}},"_links":{"self":[{"href":"https:\/\/monas-grafikwelten.de\/index.php\/wp-json\/wp\/v2\/pages\/19","targetHints":{"allow":["GET"]}}],"collection":[{"href":"https:\/\/monas-grafikwelten.de\/index.php\/wp-json\/wp\/v2\/pages"}],"about":[{"href":"https:\/\/monas-grafikwelten.de\/index.php\/wp-json\/wp\/v2\/types\/page"}],"author":[{"embeddable":true,"href":"https:\/\/monas-grafikwelten.de\/index.php\/wp-json\/wp\/v2\/users\/1"}],"replies":[{"embeddable":true,"href":"https:\/\/monas-grafikwelten.de\/index.php\/wp-json\/wp\/v2\/comments?post=19"}],"version-history":[{"count":8,"href":"https:\/\/monas-grafikwelten.de\/index.php\/wp-json\/wp\/v2\/pages\/19\/revisions"}],"predecessor-version":[{"id":279,"href":"https:\/\/monas-grafikwelten.de\/index.php\/wp-json\/wp\/v2\/pages\/19\/revisions\/279"}],"wp:attachment":[{"href":"https:\/\/monas-grafikwelten.de\/index.php\/wp-json\/wp\/v2\/media?parent=19"}],"curies":[{"name":"wp","href":"https:\/\/api.w.org\/{rel}","templated":true}]}}