{"id":344,"date":"2023-04-23T15:54:24","date_gmt":"2023-04-23T15:54:24","guid":{"rendered":"https:\/\/monas-grafikwelten.de\/?page_id=344"},"modified":"2023-04-23T16:24:34","modified_gmt":"2023-04-23T16:24:34","slug":"buchsatz","status":"publish","type":"page","link":"https:\/\/monas-grafikwelten.de\/index.php\/buchsatz\/","title":{"rendered":"Buchsatz"},"content":{"rendered":"\n<p>Du hast Dein Buch geschrieben, deine Testleser finden Deine Geschichte klasse und  das Lektorat\/Korrekturlesen hat dir einige graue Haare eingebracht?  Super, dann ist es jetzt Zeit f\u00fcr den Buchsatz. <\/p>\n\n\n\n<p>Ein Buch selbst auf den Markt zu bringen, ist dank der zahlreichen Book on Demand Angebote als Selfpublisher einfacher geworden. Doch ein professionelles Textlayout sollte nicht vernachl\u00e4ssigt werden. Leser wollen in Deine Geschichte eintauchen und mitgenommen werden, das wird nicht passieren, wenn sie \u00fcber schlecht gesetzte Textbausteine stolpern und immer wieder aus ihrem Lesefluss gerissen werden. <\/p>\n\n\n\n<p>Ich biete Dir einen professionellen Buchsatz, individuell nach Deinen W\u00fcnschen. <\/p>\n\n\n\n<div class=\"wp-block-columns is-layout-flex wp-container-core-columns-is-layout-9d6595d7 wp-block-columns-is-layout-flex\">\n<div class=\"wp-block-column is-layout-flow wp-block-column-is-layout-flow\"><div class=\"wp-block-image\">\n<figure class=\"aligncenter size-full\"><img loading=\"lazy\" decoding=\"async\" width=\"700\" height=\"497\" src=\"https:\/\/monas-grafikwelten.de\/wp-content\/uploads\/2023\/04\/Bildschirm\u00adfoto-2023-04-23-um-11.53.07-Kopie.jpg\" alt=\"\" class=\"wp-image-352\" srcset=\"https:\/\/monas-grafikwelten.de\/wp-content\/uploads\/2023\/04\/Bildschirm\u00adfoto-2023-04-23-um-11.53.07-Kopie.jpg 700w, https:\/\/monas-grafikwelten.de\/wp-content\/uploads\/2023\/04\/Bildschirm\u00adfoto-2023-04-23-um-11.53.07-Kopie-300x213.jpg 300w\" sizes=\"auto, (max-width: 700px) 100vw, 700px\" \/><\/figure><\/div>\n\n\n<p class=\"has-text-align-center has-small-font-size\">Einfaches Layout<\/p>\n<\/div>\n\n\n\n<div class=\"wp-block-column is-layout-flow wp-block-column-is-layout-flow\"><div class=\"wp-block-image\">\n<figure class=\"aligncenter size-full is-resized\"><img loading=\"lazy\" decoding=\"async\" src=\"https:\/\/monas-grafikwelten.de\/wp-content\/uploads\/2023\/04\/Bildschirm\u00adfoto-2023-04-22-um-23.24.17-Kopie.jpg\" alt=\"\" class=\"wp-image-351\" width=\"402\" height=\"285\" srcset=\"https:\/\/monas-grafikwelten.de\/wp-content\/uploads\/2023\/04\/Bildschirm\u00adfoto-2023-04-22-um-23.24.17-Kopie.jpg 700w, https:\/\/monas-grafikwelten.de\/wp-content\/uploads\/2023\/04\/Bildschirm\u00adfoto-2023-04-22-um-23.24.17-Kopie-300x213.jpg 300w\" sizes=\"auto, (max-width: 402px) 100vw, 402px\" \/><\/figure><\/div>\n\n\n<p class=\"has-text-align-center has-small-font-size\">Layout mit Hintergrundbild und Dekoration<\/p>\n<\/div>\n<\/div>\n\n\n\n<div class=\"wp-block-columns is-layout-flex wp-container-core-columns-is-layout-9d6595d7 wp-block-columns-is-layout-flex\">\n<div class=\"wp-block-column is-layout-flow wp-block-column-is-layout-flow\"><div class=\"wp-block-image\">\n<figure class=\"aligncenter size-full is-resized\"><img loading=\"lazy\" decoding=\"async\" src=\"https:\/\/monas-grafikwelten.de\/wp-content\/uploads\/2023\/04\/Bildschirm\u00adfoto-2023-04-23-um-11.57.28-Kopie.jpg\" alt=\"\" class=\"wp-image-353\" width=\"350\" height=\"495\" srcset=\"https:\/\/monas-grafikwelten.de\/wp-content\/uploads\/2023\/04\/Bildschirm\u00adfoto-2023-04-23-um-11.57.28-Kopie.jpg 700w, https:\/\/monas-grafikwelten.de\/wp-content\/uploads\/2023\/04\/Bildschirm\u00adfoto-2023-04-23-um-11.57.28-Kopie-212x300.jpg 212w\" sizes=\"auto, (max-width: 350px) 100vw, 350px\" \/><\/figure><\/div><\/div>\n\n\n\n<div class=\"wp-block-column is-layout-flow wp-block-column-is-layout-flow\"><div class=\"wp-block-image\">\n<figure class=\"aligncenter size-full is-resized\"><img loading=\"lazy\" decoding=\"async\" src=\"https:\/\/monas-grafikwelten.de\/wp-content\/uploads\/2023\/04\/Bildschirm\u00adfoto-2023-04-23-um-13.23.22-Kopie.jpg\" alt=\"\" class=\"wp-image-354\" width=\"350\" height=\"496\" srcset=\"https:\/\/monas-grafikwelten.de\/wp-content\/uploads\/2023\/04\/Bildschirm\u00adfoto-2023-04-23-um-13.23.22-Kopie.jpg 700w, https:\/\/monas-grafikwelten.de\/wp-content\/uploads\/2023\/04\/Bildschirm\u00adfoto-2023-04-23-um-13.23.22-Kopie-212x300.jpg 212w\" sizes=\"auto, (max-width: 350px) 100vw, 350px\" \/><\/figure><\/div><\/div>\n<\/div>\n\n\n\n<div class=\"wp-block-columns is-layout-flex wp-container-core-columns-is-layout-9d6595d7 wp-block-columns-is-layout-flex\">\n<div class=\"wp-block-column is-layout-flow wp-block-column-is-layout-flow\"><div class=\"wp-block-image\">\n<figure class=\"aligncenter size-full is-resized\"><img loading=\"lazy\" decoding=\"async\" src=\"https:\/\/monas-grafikwelten.de\/wp-content\/uploads\/2023\/04\/Bildschirm\u00adfoto-2023-04-23-um-13.57.13-Kopie.jpg\" alt=\"\" class=\"wp-image-355\" width=\"525\" height=\"365\" srcset=\"https:\/\/monas-grafikwelten.de\/wp-content\/uploads\/2023\/04\/Bildschirm\u00adfoto-2023-04-23-um-13.57.13-Kopie.jpg 700w, https:\/\/monas-grafikwelten.de\/wp-content\/uploads\/2023\/04\/Bildschirm\u00adfoto-2023-04-23-um-13.57.13-Kopie-300x209.jpg 300w\" sizes=\"auto, (max-width: 525px) 100vw, 525px\" \/><\/figure><\/div>\n\n\n<p class=\"has-text-align-center has-small-font-size\">Eigene Grafik\/Zeichnung einf\u00fcgen<\/p>\n<\/div>\n<\/div>\n\n\n\n<p class=\"has-large-font-size\"><strong>Buchsatz &#8211; Preise<\/strong><\/p>\n\n\n\n<div class=\"wp-block-columns is-layout-flex wp-container-core-columns-is-layout-9d6595d7 wp-block-columns-is-layout-flex\">\n<div class=\"wp-block-column is-vertically-aligned-top is-layout-flow wp-block-column-is-layout-flow\">\n<div class=\"wp-block-group has-background\" style=\"background-color:#9dd5d59c\"><div class=\"wp-block-group__inner-container is-layout-constrained wp-block-group-is-layout-constrained\">\n<p class=\"has-medium-font-size\"><strong>Einfach Print<\/strong><\/p>\n\n\n\n<p class=\"has-medium-font-size\">250 \u20ac + 1,10 <br>ab der 300. Normseite<sup>1<\/sup><\/p>\n<\/div><\/div>\n\n\n\n<div class=\"wp-block-group has-background\" style=\"background-color:#9dd5d59c\"><div class=\"wp-block-group__inner-container is-layout-constrained wp-block-group-is-layout-constrained\">\n<ul class=\"wp-block-list\">\n<li>Individuelles Layout &amp; Buchsatz<\/li>\n\n\n\n<li>Ansprechende Gestaltung deines Manuskripts<\/li>\n\n\n\n<li>(Kapitelanf\u00e4nge, Seitenzahlen, Typografie)<\/li>\n\n\n\n<li>Einfache Seitenzahlen<\/li>\n\n\n\n<li>Gestaltung der Sonderseiten (Schmutztitel, Imressum, Danksagung, Werbeseiten)<\/li>\n<\/ul>\n\n\n\n<p>Dein Manuskript als druckfertige PDF-Datei.<\/p>\n<\/div><\/div>\n<\/div>\n\n\n\n<div class=\"wp-block-column is-layout-flow wp-block-column-is-layout-flow\">\n<div class=\"wp-block-group has-background\" style=\"background-color:#9dd5d59c\"><div class=\"wp-block-group__inner-container is-layout-constrained wp-block-group-is-layout-constrained\">\n<p class=\"has-medium-font-size\"><strong>Dekorativ Print<\/strong><\/p>\n\n\n\n<p class=\"has-medium-font-size\">350 \u20ac + 1,10 <br>ab der 300. Normseite<sup>1<\/sup><\/p>\n<\/div><\/div>\n\n\n\n<div class=\"wp-block-group has-background\" style=\"background-color:#9dd5d59c\"><div class=\"wp-block-group__inner-container is-layout-constrained wp-block-group-is-layout-constrained\">\n<ul class=\"wp-block-list\">\n<li>Individuelles Layout &amp; Buchsatz<\/li>\n\n\n\n<li>Ansprechende Gestaltung deines Manuskripts<\/li>\n\n\n\n<li>(Kapitelanf\u00e4nge, Seitenzahlen, Typografie)<\/li>\n\n\n\n<li>Grafisch gestaltete Kapitelanf\u00e4nge und Seiten<\/li>\n\n\n\n<li>(Seitenverzierungen, Hintergrundbilder, evtl. eigene Grafiken)<\/li>\n\n\n\n<li>Seitenzahlen verziert oder mit Ornamenten (mit wiederkehrenden Elementen)<\/li>\n\n\n\n<li>Gestaltung der Sonderseiten (Schmutztitel, Impressum, Danksagung, Werbeseiten)<\/li>\n<\/ul>\n\n\n\n<p>Dein Manuskript als druckfertige PDF-Datei.<\/p>\n<\/div><\/div>\n<\/div>\n<\/div>\n\n\n\n<div class=\"wp-block-columns is-layout-flex wp-container-core-columns-is-layout-9d6595d7 wp-block-columns-is-layout-flex\">\n<div class=\"wp-block-column is-layout-flow wp-block-column-is-layout-flow\">\n<div class=\"wp-block-group\"><div class=\"wp-block-group__inner-container is-layout-constrained wp-block-group-is-layout-constrained\">\n<p class=\"has-background has-medium-font-size\" style=\"background-color:#9dd5d59c\"><strong>E-Book Formatierung<\/strong><\/p>\n\n\n\n<div class=\"wp-block-group\"><div class=\"wp-block-group__inner-container is-layout-constrained wp-block-group-is-layout-constrained\">\n<p class=\"has-background\" style=\"background-color:#9dd5d59c\">0,50 \u20ac pro Normseite<sup>1<\/sup><br>Uploadfertige ePub-Datei mit Grafiken und Schriften, soweit es m\u00f6glich ist<\/p>\n<\/div><\/div>\n<\/div><\/div>\n<\/div>\n<\/div>\n\n\n\n<p class=\"has-small-font-size\"><sup>1<\/sup><em>Bei einer Normseite rechne ich 1500 Zeichen (inkl. Leerzeichen). Hat Dein Manuskript einen Umfang von 700.000 Zeichen, so dividiere diese durch 1500 und du erh\u00e4ltst Deine Normseiten. (In diesem Bsp. w\u00e4ren es 467 Normseiten)<\/em><\/p>\n\n\n\n<hr class=\"wp-block-separator has-alpha-channel-opacity\"\/>\n\n\n\n<p class=\"has-large-font-size\"><strong>Wie geht\u00b4s weiter?<\/strong><\/p>\n\n\n\n<p>Schreib mir gerne eine E-Mail (<a href=\"mailto:simona_westermann@web.de\">simona_westermann@web.de<\/a>), zusammen mit deinen Vorstellungen, wie das Layout sp\u00e4ter aussehen soll. <\/p>\n\n\n\n<p>Folgendes sollte ich wissen um dir ein Angebot erstellen zu k\u00f6nnen:<\/p>\n\n\n\n<ul class=\"wp-block-list\">\n<li>Seitenzahl deines Manuskriptes (in Normseiten)<\/li>\n\n\n\n<li>Das Genre deines Romans<\/li>\n\n\n\n<li>welches Layout (einfach, dekorativ)<\/li>\n\n\n\n<li>gew\u00fcnschtes Datum der Fertigstellung (Achtung: je nach Aufwand 1-3 Wochen)<\/li>\n\n\n\n<li>\u00fcber welche Plattform wird dein Print ver\u00f6ffentlicht<\/li>\n<\/ul>\n\n\n\n<p>Ich schicke dir ein unverbindliches Angebot.<br>M\u00f6chtest du unsere Dienste in Anspruch nehmen, schickst du uns das fertige Manuskript.<\/p>\n\n\n\n<p><mark style=\"background-color:rgba(0, 0, 0, 0)\" class=\"has-inline-color has-vivid-cyan-blue-color\">Abgeschlossenes Lektorat und Korrektorat:  Dein Manuskript muss vor der Setzung vollst\u00e4ndig auf Rechtschreibung und Grammatik korrigiert sein. Bei umf\u00e4nglichen Korrekturen w\u00e4hrend des Buchsatzes k\u00f6nnen weitere Kosten anfallen.<\/mark><\/p>\n\n\n\n<p>Um zu wissen, welche Bereiche ich formatieren oder besonders hervorheben soll, musst du sie in Word vor-formatieren oder zumindest farblich kenntlich machen. (z.Bsp. Kapitel, \u00dcberschriften, Zitate, u.s.w.)<\/p>\n\n\n\n<p>M\u00f6chtest du eigene Grafiken verwenden, sollten diese eine gute Qualit\u00e4t und Bildgr\u00f6\u00dfe haben. Zudem sollten sie auch in Schwarzwei\u00df noch gut zu erkennen sein. Ich berate dich gern.<\/p>\n\n\n\n<p>Sende mir Schmutztitel (evtl. Grafiken wie Schriftzug vom Cover) und Impressum zusammen mit deinem Manuskript als Word Datei.<\/p>\n\n\n\n<p> <\/p>\n\n\n\n<div class=\"wp-block-columns is-layout-flex wp-container-core-columns-is-layout-9d6595d7 wp-block-columns-is-layout-flex\">\n<div class=\"wp-block-column is-layout-flow wp-block-column-is-layout-flow\"><div class=\"wp-block-image\">\n<figure class=\"aligncenter size-full is-resized\"><img decoding=\"async\" src=\"https:\/\/monas-grafikwelten.de\/wp-content\/uploads\/2023\/04\/Bildschirm\u00adfoto-2023-04-23-um-17.37.47-Kopie.jpg\" alt=\"\" class=\"wp-image-356\" width=\"250\" srcset=\"https:\/\/monas-grafikwelten.de\/wp-content\/uploads\/2023\/04\/Bildschirm\u00adfoto-2023-04-23-um-17.37.47-Kopie.jpg 400w, https:\/\/monas-grafikwelten.de\/wp-content\/uploads\/2023\/04\/Bildschirm\u00adfoto-2023-04-23-um-17.37.47-Kopie-214x300.jpg 214w\" sizes=\"(max-width: 400px) 100vw, 400px\" \/><\/figure><\/div>\n\n\n<p class=\"has-text-align-center has-small-font-size\">Schmutztitel aus meinen Roman<br>Das Erbe von Lyrell &#8211; Engelsruf<\/p>\n\n\n\n<p><\/p>\n<\/div>\n\n\n\n<div class=\"wp-block-column is-layout-flow wp-block-column-is-layout-flow\"><div class=\"wp-block-image\">\n<figure class=\"aligncenter size-full is-resized\"><img decoding=\"async\" src=\"https:\/\/monas-grafikwelten.de\/wp-content\/uploads\/2023\/04\/Bildschirm\u00adfoto-2023-04-23-um-17.37.13-Kopie.jpg\" alt=\"\" class=\"wp-image-357\" width=\"250\" srcset=\"https:\/\/monas-grafikwelten.de\/wp-content\/uploads\/2023\/04\/Bildschirm\u00adfoto-2023-04-23-um-17.37.13-Kopie.jpg 400w, https:\/\/monas-grafikwelten.de\/wp-content\/uploads\/2023\/04\/Bildschirm\u00adfoto-2023-04-23-um-17.37.13-Kopie-214x300.jpg 214w\" sizes=\"(max-width: 400px) 100vw, 400px\" \/><\/figure><\/div>\n\n\n<p class=\"has-text-align-center has-small-font-size\">Impressum aus<br>Das Erbe von Lyrell<\/p>\n<\/div>\n<\/div>\n","protected":false},"excerpt":{"rendered":"<p>Du hast Dein Buch geschrieben, deine Testleser finden Deine Geschichte klasse und das Lektorat\/Korrekturlesen hat dir einige graue Haare eingebracht? Super, dann ist es jetzt Zeit f\u00fcr den Buchsatz. Ein Buch selbst auf den Markt zu bringen, ist dank der zahlreichen Book on Demand Angebote als Selfpublisher einfacher geworden. Doch ein professionelles Textlayout sollte nicht vernachl\u00e4ssigt werden. Leser wollen in Deine Geschichte eintauchen und mitgenommen werden, das wird nicht passieren, wenn sie \u00fcber schlecht gesetzte Textbausteine stolpern und immer wieder aus ihrem Lesefluss gerissen werden. Ich biete Dir einen professionellen Buchsatz, individuell nach Deinen W\u00fcnschen. Einfaches Layout Layout mit Hintergrundbild und Dekoration Eigene Grafik\/Zeichnung einf\u00fcgen Buchsatz &#8211; Preise Einfach Print 250 \u20ac + 1,10 ab der 300. Normseite1 Dein Manuskript als druckfertige PDF-Datei. Dekorativ Print 350 \u20ac + 1,10 ab der 300. Normseite1 Dein Manuskript als druckfertige PDF-Datei. E-Book Formatierung 0,50 \u20ac pro Normseite1Uploadfertige ePub-Datei mit Grafiken und Schriften, soweit es m\u00f6glich ist 1Bei einer Normseite rechne ich 1500 Zeichen (inkl. Leerzeichen). Hat Dein Manuskript einen Umfang von 700.000 Zeichen, so dividiere diese durch 1500 und du erh\u00e4ltst Deine Normseiten. (In diesem Bsp. w\u00e4ren es 467 Normseiten) Wie geht\u00b4s weiter? Schreib mir gerne eine E-Mail (simona_westermann@web.de), zusammen mit deinen Vorstellungen, wie das Layout sp\u00e4ter aussehen soll. Folgendes sollte ich wissen um dir ein Angebot erstellen zu k\u00f6nnen: Ich schicke dir ein unverbindliches Angebot.M\u00f6chtest du unsere Dienste in Anspruch nehmen, schickst du uns das fertige Manuskript. Abgeschlossenes Lektorat und Korrektorat: Dein Manuskript muss vor der Setzung vollst\u00e4ndig auf Rechtschreibung und Grammatik korrigiert sein. Bei umf\u00e4nglichen Korrekturen w\u00e4hrend des Buchsatzes k\u00f6nnen weitere Kosten anfallen. Um zu wissen, welche Bereiche ich formatieren oder besonders hervorheben soll, musst du sie in Word vor-formatieren oder zumindest farblich kenntlich machen. (z.Bsp. Kapitel, \u00dcberschriften, Zitate, u.s.w.) M\u00f6chtest du eigene Grafiken verwenden, sollten diese eine gute Qualit\u00e4t und Bildgr\u00f6\u00dfe haben. Zudem sollten sie auch in Schwarzwei\u00df noch gut zu erkennen sein. Ich berate dich gern. Sende mir Schmutztitel (evtl. Grafiken wie Schriftzug vom Cover) und Impressum zusammen mit deinem Manuskript als Word Datei. Schmutztitel aus meinen RomanDas Erbe von Lyrell &#8211; Engelsruf Impressum ausDas Erbe von Lyrell<\/p>\n","protected":false},"author":1,"featured_media":0,"parent":0,"menu_order":0,"comment_status":"closed","ping_status":"closed","template":"","meta":{"two_page_speed":[],"footnotes":"","_links_to":"","_links_to_target":""},"class_list":["post-344","page","type-page","status-publish","hentry"],"yoast_head":"<!-- This site is optimized with the Yoast SEO plugin v27.4 - https:\/\/yoast.com\/product\/yoast-seo-wordpress\/ -->\n<title>Buchsatz - Monas Grafikwelten<\/title>\n<meta name=\"robots\" content=\"index, follow, max-snippet:-1, max-image-preview:large, max-video-preview:-1\" \/>\n<link rel=\"canonical\" href=\"https:\/\/monas-grafikwelten.de\/index.php\/buchsatz\/\" \/>\n<meta property=\"og:locale\" content=\"de_DE\" \/>\n<meta property=\"og:type\" content=\"article\" \/>\n<meta property=\"og:title\" content=\"Buchsatz - Monas Grafikwelten\" \/>\n<meta property=\"og:description\" content=\"Du hast Dein Buch geschrieben, deine Testleser finden Deine Geschichte klasse und das Lektorat\/Korrekturlesen hat dir einige graue Haare eingebracht? Super, dann ist es jetzt Zeit f\u00fcr den Buchsatz. Ein Buch selbst auf den Markt zu bringen, ist dank der zahlreichen Book on Demand Angebote als Selfpublisher einfacher geworden. Doch ein professionelles Textlayout sollte nicht vernachl\u00e4ssigt werden. Leser wollen in Deine Geschichte eintauchen und mitgenommen werden, das wird nicht passieren, wenn sie \u00fcber schlecht gesetzte Textbausteine stolpern und immer wieder aus ihrem Lesefluss gerissen werden. Ich biete Dir einen professionellen Buchsatz, individuell nach Deinen W\u00fcnschen. Einfaches Layout Layout mit Hintergrundbild und Dekoration Eigene Grafik\/Zeichnung einf\u00fcgen Buchsatz &#8211; Preise Einfach Print 250 \u20ac + 1,10 ab der 300. Normseite1 Dein Manuskript als druckfertige PDF-Datei. Dekorativ Print 350 \u20ac + 1,10 ab der 300. Normseite1 Dein Manuskript als druckfertige PDF-Datei. E-Book Formatierung 0,50 \u20ac pro Normseite1Uploadfertige ePub-Datei mit Grafiken und Schriften, soweit es m\u00f6glich ist 1Bei einer Normseite rechne ich 1500 Zeichen (inkl. Leerzeichen). Hat Dein Manuskript einen Umfang von 700.000 Zeichen, so dividiere diese durch 1500 und du erh\u00e4ltst Deine Normseiten. (In diesem Bsp. w\u00e4ren es 467 Normseiten) Wie geht\u00b4s weiter? Schreib mir gerne eine E-Mail (simona_westermann@web.de), zusammen mit deinen Vorstellungen, wie das Layout sp\u00e4ter aussehen soll. Folgendes sollte ich wissen um dir ein Angebot erstellen zu k\u00f6nnen: Ich schicke dir ein unverbindliches Angebot.M\u00f6chtest du unsere Dienste in Anspruch nehmen, schickst du uns das fertige Manuskript. Abgeschlossenes Lektorat und Korrektorat: Dein Manuskript muss vor der Setzung vollst\u00e4ndig auf Rechtschreibung und Grammatik korrigiert sein. Bei umf\u00e4nglichen Korrekturen w\u00e4hrend des Buchsatzes k\u00f6nnen weitere Kosten anfallen. Um zu wissen, welche Bereiche ich formatieren oder besonders hervorheben soll, musst du sie in Word vor-formatieren oder zumindest farblich kenntlich machen. (z.Bsp. Kapitel, \u00dcberschriften, Zitate, u.s.w.) M\u00f6chtest du eigene Grafiken verwenden, sollten diese eine gute Qualit\u00e4t und Bildgr\u00f6\u00dfe haben. Zudem sollten sie auch in Schwarzwei\u00df noch gut zu erkennen sein. Ich berate dich gern. Sende mir Schmutztitel (evtl. Grafiken wie Schriftzug vom Cover) und Impressum zusammen mit deinem Manuskript als Word Datei. Schmutztitel aus meinen RomanDas Erbe von Lyrell &#8211; Engelsruf Impressum ausDas Erbe von Lyrell\" \/>\n<meta property=\"og:url\" content=\"https:\/\/monas-grafikwelten.de\/index.php\/buchsatz\/\" \/>\n<meta property=\"og:site_name\" content=\"Monas Grafikwelten\" \/>\n<meta property=\"article:modified_time\" content=\"2023-04-23T16:24:34+00:00\" \/>\n<meta name=\"twitter:card\" content=\"summary_large_image\" \/>\n<meta name=\"twitter:label1\" content=\"Gesch\u00e4tzte Lesezeit\" \/>\n\t<meta name=\"twitter:data1\" content=\"4\u00a0Minuten\" \/>\n<script type=\"application\/ld+json\" class=\"yoast-schema-graph\">{\"@context\":\"https:\\\/\\\/schema.org\",\"@graph\":[{\"@type\":\"WebPage\",\"@id\":\"https:\\\/\\\/monas-grafikwelten.de\\\/index.php\\\/buchsatz\\\/\",\"url\":\"https:\\\/\\\/monas-grafikwelten.de\\\/index.php\\\/buchsatz\\\/\",\"name\":\"Buchsatz - Monas Grafikwelten\",\"isPartOf\":{\"@id\":\"https:\\\/\\\/monas-grafikwelten.de\\\/#website\"},\"datePublished\":\"2023-04-23T15:54:24+00:00\",\"dateModified\":\"2023-04-23T16:24:34+00:00\",\"breadcrumb\":{\"@id\":\"https:\\\/\\\/monas-grafikwelten.de\\\/index.php\\\/buchsatz\\\/#breadcrumb\"},\"inLanguage\":\"de\",\"potentialAction\":[{\"@type\":\"ReadAction\",\"target\":[\"https:\\\/\\\/monas-grafikwelten.de\\\/index.php\\\/buchsatz\\\/\"]}]},{\"@type\":\"BreadcrumbList\",\"@id\":\"https:\\\/\\\/monas-grafikwelten.de\\\/index.php\\\/buchsatz\\\/#breadcrumb\",\"itemListElement\":[{\"@type\":\"ListItem\",\"position\":1,\"name\":\"Home\",\"item\":\"https:\\\/\\\/monas-grafikwelten.de\\\/\"},{\"@type\":\"ListItem\",\"position\":2,\"name\":\"Buchsatz\"}]},{\"@type\":\"WebSite\",\"@id\":\"https:\\\/\\\/monas-grafikwelten.de\\\/#website\",\"url\":\"https:\\\/\\\/monas-grafikwelten.de\\\/\",\"name\":\"Monas Grafikwelten\",\"description\":\"Coverdesign und mehr\",\"potentialAction\":[{\"@type\":\"SearchAction\",\"target\":{\"@type\":\"EntryPoint\",\"urlTemplate\":\"https:\\\/\\\/monas-grafikwelten.de\\\/?s={search_term_string}\"},\"query-input\":{\"@type\":\"PropertyValueSpecification\",\"valueRequired\":true,\"valueName\":\"search_term_string\"}}],\"inLanguage\":\"de\"}]}<\/script>\n<!-- \/ Yoast SEO plugin. -->","yoast_head_json":{"title":"Buchsatz - Monas Grafikwelten","robots":{"index":"index","follow":"follow","max-snippet":"max-snippet:-1","max-image-preview":"max-image-preview:large","max-video-preview":"max-video-preview:-1"},"canonical":"https:\/\/monas-grafikwelten.de\/index.php\/buchsatz\/","og_locale":"de_DE","og_type":"article","og_title":"Buchsatz - Monas Grafikwelten","og_description":"Du hast Dein Buch geschrieben, deine Testleser finden Deine Geschichte klasse und das Lektorat\/Korrekturlesen hat dir einige graue Haare eingebracht? Super, dann ist es jetzt Zeit f\u00fcr den Buchsatz. Ein Buch selbst auf den Markt zu bringen, ist dank der zahlreichen Book on Demand Angebote als Selfpublisher einfacher geworden. Doch ein professionelles Textlayout sollte nicht vernachl\u00e4ssigt werden. Leser wollen in Deine Geschichte eintauchen und mitgenommen werden, das wird nicht passieren, wenn sie \u00fcber schlecht gesetzte Textbausteine stolpern und immer wieder aus ihrem Lesefluss gerissen werden. Ich biete Dir einen professionellen Buchsatz, individuell nach Deinen W\u00fcnschen. Einfaches Layout Layout mit Hintergrundbild und Dekoration Eigene Grafik\/Zeichnung einf\u00fcgen Buchsatz &#8211; Preise Einfach Print 250 \u20ac + 1,10 ab der 300. Normseite1 Dein Manuskript als druckfertige PDF-Datei. Dekorativ Print 350 \u20ac + 1,10 ab der 300. Normseite1 Dein Manuskript als druckfertige PDF-Datei. E-Book Formatierung 0,50 \u20ac pro Normseite1Uploadfertige ePub-Datei mit Grafiken und Schriften, soweit es m\u00f6glich ist 1Bei einer Normseite rechne ich 1500 Zeichen (inkl. Leerzeichen). Hat Dein Manuskript einen Umfang von 700.000 Zeichen, so dividiere diese durch 1500 und du erh\u00e4ltst Deine Normseiten. (In diesem Bsp. w\u00e4ren es 467 Normseiten) Wie geht\u00b4s weiter? Schreib mir gerne eine E-Mail (simona_westermann@web.de), zusammen mit deinen Vorstellungen, wie das Layout sp\u00e4ter aussehen soll. Folgendes sollte ich wissen um dir ein Angebot erstellen zu k\u00f6nnen: Ich schicke dir ein unverbindliches Angebot.M\u00f6chtest du unsere Dienste in Anspruch nehmen, schickst du uns das fertige Manuskript. Abgeschlossenes Lektorat und Korrektorat: Dein Manuskript muss vor der Setzung vollst\u00e4ndig auf Rechtschreibung und Grammatik korrigiert sein. Bei umf\u00e4nglichen Korrekturen w\u00e4hrend des Buchsatzes k\u00f6nnen weitere Kosten anfallen. Um zu wissen, welche Bereiche ich formatieren oder besonders hervorheben soll, musst du sie in Word vor-formatieren oder zumindest farblich kenntlich machen. (z.Bsp. Kapitel, \u00dcberschriften, Zitate, u.s.w.) M\u00f6chtest du eigene Grafiken verwenden, sollten diese eine gute Qualit\u00e4t und Bildgr\u00f6\u00dfe haben. Zudem sollten sie auch in Schwarzwei\u00df noch gut zu erkennen sein. Ich berate dich gern. Sende mir Schmutztitel (evtl. Grafiken wie Schriftzug vom Cover) und Impressum zusammen mit deinem Manuskript als Word Datei. Schmutztitel aus meinen RomanDas Erbe von Lyrell &#8211; Engelsruf Impressum ausDas Erbe von Lyrell","og_url":"https:\/\/monas-grafikwelten.de\/index.php\/buchsatz\/","og_site_name":"Monas Grafikwelten","article_modified_time":"2023-04-23T16:24:34+00:00","twitter_card":"summary_large_image","twitter_misc":{"Gesch\u00e4tzte Lesezeit":"4\u00a0Minuten"},"schema":{"@context":"https:\/\/schema.org","@graph":[{"@type":"WebPage","@id":"https:\/\/monas-grafikwelten.de\/index.php\/buchsatz\/","url":"https:\/\/monas-grafikwelten.de\/index.php\/buchsatz\/","name":"Buchsatz - Monas Grafikwelten","isPartOf":{"@id":"https:\/\/monas-grafikwelten.de\/#website"},"datePublished":"2023-04-23T15:54:24+00:00","dateModified":"2023-04-23T16:24:34+00:00","breadcrumb":{"@id":"https:\/\/monas-grafikwelten.de\/index.php\/buchsatz\/#breadcrumb"},"inLanguage":"de","potentialAction":[{"@type":"ReadAction","target":["https:\/\/monas-grafikwelten.de\/index.php\/buchsatz\/"]}]},{"@type":"BreadcrumbList","@id":"https:\/\/monas-grafikwelten.de\/index.php\/buchsatz\/#breadcrumb","itemListElement":[{"@type":"ListItem","position":1,"name":"Home","item":"https:\/\/monas-grafikwelten.de\/"},{"@type":"ListItem","position":2,"name":"Buchsatz"}]},{"@type":"WebSite","@id":"https:\/\/monas-grafikwelten.de\/#website","url":"https:\/\/monas-grafikwelten.de\/","name":"Monas Grafikwelten","description":"Coverdesign und mehr","potentialAction":[{"@type":"SearchAction","target":{"@type":"EntryPoint","urlTemplate":"https:\/\/monas-grafikwelten.de\/?s={search_term_string}"},"query-input":{"@type":"PropertyValueSpecification","valueRequired":true,"valueName":"search_term_string"}}],"inLanguage":"de"}]}},"_links":{"self":[{"href":"https:\/\/monas-grafikwelten.de\/index.php\/wp-json\/wp\/v2\/pages\/344","targetHints":{"allow":["GET"]}}],"collection":[{"href":"https:\/\/monas-grafikwelten.de\/index.php\/wp-json\/wp\/v2\/pages"}],"about":[{"href":"https:\/\/monas-grafikwelten.de\/index.php\/wp-json\/wp\/v2\/types\/page"}],"author":[{"embeddable":true,"href":"https:\/\/monas-grafikwelten.de\/index.php\/wp-json\/wp\/v2\/users\/1"}],"replies":[{"embeddable":true,"href":"https:\/\/monas-grafikwelten.de\/index.php\/wp-json\/wp\/v2\/comments?post=344"}],"version-history":[{"count":3,"href":"https:\/\/monas-grafikwelten.de\/index.php\/wp-json\/wp\/v2\/pages\/344\/revisions"}],"predecessor-version":[{"id":361,"href":"https:\/\/monas-grafikwelten.de\/index.php\/wp-json\/wp\/v2\/pages\/344\/revisions\/361"}],"wp:attachment":[{"href":"https:\/\/monas-grafikwelten.de\/index.php\/wp-json\/wp\/v2\/media?parent=344"}],"curies":[{"name":"wp","href":"https:\/\/api.w.org\/{rel}","templated":true}]}}